{"id":943,"date":"2017-11-19T00:04:57","date_gmt":"2017-11-18T22:04:57","guid":{"rendered":"http:\/\/www.bizimbahcesitesi.com\/?page_id=943"},"modified":"2017-11-19T00:06:57","modified_gmt":"2017-11-18T22:06:57","slug":"cevresel-yonetmelik","status":"publish","type":"page","link":"https:\/\/www.bizimbahcesitesi.com\/?page_id=943","title":{"rendered":"\u00c7evresel Y\u00f6netmelik"},"content":{"rendered":"<p><span style=\"font-size: 22px;\">\u00c7evresel Y\u00f6netmelik\u00a0<\/span><\/p>\n<p><a href=\"https:\/\/www.bizimbahcesitesi.com\/wp-content\/uploads\/2017\/11\/03-Cevresel-yonetmelik.doc\">DOSYAYI INDIR (WORD)<\/a><\/p>\n<p>&nbsp;<\/p>\n","protected":false},"excerpt":{"rendered":"<p>\u00c7evresel Y\u00f6netmelik\u00a0 DOSYAYI INDIR (WORD) &nbsp;<\/p>\n","protected":false},"author":1,"featured_media":0,"parent":0,"menu_order":0,"comment_status":"closed","ping_status":"closed","template":"","meta":{"footnotes":""},"class_list":["post-943","page","type-page","status-publish","hentry"],"yoast_head":"<!-- This site is optimized with the Yoast SEO plugin v27.4 - https:\/\/yoast.com\/product\/yoast-seo-wordpress\/ -->\n<title>\u00c7evresel Y\u00f6netmelik - Bizim Bah\u00e7e Sitesi<\/title>\n<meta name=\"robots\" content=\"index, follow, max-snippet:-1, max-image-preview:large, max-video-preview:-1\" \/>\n<link rel=\"canonical\" href=\"https:\/\/www.bizimbahcesitesi.com\/?page_id=943\" \/>\n<meta property=\"og:locale\" content=\"tr_TR\" \/>\n<meta property=\"og:type\" content=\"article\" \/>\n<meta property=\"og:title\" content=\"\u00c7evresel Y\u00f6netmelik - Bizim Bah\u00e7e Sitesi\" \/>\n<meta property=\"og:description\" content=\"\u00c7evresel Y\u00f6netmelik\u00a0 DOSYAYI INDIR (WORD) &nbsp;\" \/>\n<meta property=\"og:url\" content=\"https:\/\/www.bizimbahcesitesi.com\/?page_id=943\" \/>\n<meta property=\"og:site_name\" content=\"Bizim Bah\u00e7e Sitesi\" \/>\n<meta property=\"article:modified_time\" content=\"2017-11-18T22:06:57+00:00\" \/>\n<meta name=\"twitter:card\" content=\"summary_large_image\" \/>\n<script type=\"application\/ld+json\" class=\"yoast-schema-graph\">{\"@context\":\"https:\\\/\\\/schema.org\",\"@graph\":[{\"@type\":\"WebPage\",\"@id\":\"https:\\\/\\\/www.bizimbahcesitesi.com\\\/?page_id=943\",\"url\":\"https:\\\/\\\/www.bizimbahcesitesi.com\\\/?page_id=943\",\"name\":\"\u00c7evresel Y\u00f6netmelik - Bizim Bah\u00e7e Sitesi\",\"isPartOf\":{\"@id\":\"https:\\\/\\\/www.bizimbahcesitesi.com\\\/#website\"},\"datePublished\":\"2017-11-18T22:04:57+00:00\",\"dateModified\":\"2017-11-18T22:06:57+00:00\",\"breadcrumb\":{\"@id\":\"https:\\\/\\\/www.bizimbahcesitesi.com\\\/?page_id=943#breadcrumb\"},\"inLanguage\":\"tr\",\"potentialAction\":[{\"@type\":\"ReadAction\",\"target\":[\"https:\\\/\\\/www.bizimbahcesitesi.com\\\/?page_id=943\"]}]},{\"@type\":\"BreadcrumbList\",\"@id\":\"https:\\\/\\\/www.bizimbahcesitesi.com\\\/?page_id=943#breadcrumb\",\"itemListElement\":[{\"@type\":\"ListItem\",\"position\":1,\"name\":\"Anasayfa\",\"item\":\"https:\\\/\\\/www.bizimbahcesitesi.com\\\/\"},{\"@type\":\"ListItem\",\"position\":2,\"name\":\"\u00c7evresel Y\u00f6netmelik\"}]},{\"@type\":\"WebSite\",\"@id\":\"https:\\\/\\\/www.bizimbahcesitesi.com\\\/#website\",\"url\":\"https:\\\/\\\/www.bizimbahcesitesi.com\\\/\",\"name\":\"Bizim Bah\u00e7e Sitesi\",\"description\":\"Sakarya Serdivan G\u00fcner \u00dcnver Bizim Bah\u00e7e Sitesi 05336721488\",\"publisher\":{\"@id\":\"https:\\\/\\\/www.bizimbahcesitesi.com\\\/#organization\"},\"potentialAction\":[{\"@type\":\"SearchAction\",\"target\":{\"@type\":\"EntryPoint\",\"urlTemplate\":\"https:\\\/\\\/www.bizimbahcesitesi.com\\\/?s={search_term_string}\"},\"query-input\":{\"@type\":\"PropertyValueSpecification\",\"valueRequired\":true,\"valueName\":\"search_term_string\"}}],\"inLanguage\":\"tr\"},{\"@type\":\"Organization\",\"@id\":\"https:\\\/\\\/www.bizimbahcesitesi.com\\\/#organization\",\"name\":\"Bizim Bah\u00e7e Sitesi\",\"url\":\"https:\\\/\\\/www.bizimbahcesitesi.com\\\/\",\"logo\":{\"@type\":\"ImageObject\",\"inLanguage\":\"tr\",\"@id\":\"https:\\\/\\\/www.bizimbahcesitesi.com\\\/#\\\/schema\\\/logo\\\/image\\\/\",\"url\":\"https:\\\/\\\/www.bizimbahcesitesi.com\\\/wp-content\\\/uploads\\\/2017\\\/04\\\/cropped-cropped-logo-1.png\",\"contentUrl\":\"https:\\\/\\\/www.bizimbahcesitesi.com\\\/wp-content\\\/uploads\\\/2017\\\/04\\\/cropped-cropped-logo-1.png\",\"width\":512,\"height\":512,\"caption\":\"Bizim Bah\u00e7e Sitesi\"},\"image\":{\"@id\":\"https:\\\/\\\/www.bizimbahcesitesi.com\\\/#\\\/schema\\\/logo\\\/image\\\/\"}}]}<\/script>\n<!-- \/ Yoast SEO plugin. -->","yoast_head_json":{"title":"\u00c7evresel Y\u00f6netmelik - Bizim Bah\u00e7e Sitesi","robots":{"index":"index","follow":"follow","max-snippet":"max-snippet:-1","max-image-preview":"max-image-preview:large","max-video-preview":"max-video-preview:-1"},"canonical":"https:\/\/www.bizimbahcesitesi.com\/?page_id=943","og_locale":"tr_TR","og_type":"article","og_title":"\u00c7evresel Y\u00f6netmelik - Bizim Bah\u00e7e Sitesi","og_description":"\u00c7evresel Y\u00f6netmelik\u00a0 DOSYAYI INDIR (WORD) &nbsp;","og_url":"https:\/\/www.bizimbahcesitesi.com\/?page_id=943","og_site_name":"Bizim Bah\u00e7e Sitesi","article_modified_time":"2017-11-18T22:06:57+00:00","twitter_card":"summary_large_image","schema":{"@context":"https:\/\/schema.org","@graph":[{"@type":"WebPage","@id":"https:\/\/www.bizimbahcesitesi.com\/?page_id=943","url":"https:\/\/www.bizimbahcesitesi.com\/?page_id=943","name":"\u00c7evresel Y\u00f6netmelik - Bizim Bah\u00e7e Sitesi","isPartOf":{"@id":"https:\/\/www.bizimbahcesitesi.com\/#website"},"datePublished":"2017-11-18T22:04:57+00:00","dateModified":"2017-11-18T22:06:57+00:00","breadcrumb":{"@id":"https:\/\/www.bizimbahcesitesi.com\/?page_id=943#breadcrumb"},"inLanguage":"tr","potentialAction":[{"@type":"ReadAction","target":["https:\/\/www.bizimbahcesitesi.com\/?page_id=943"]}]},{"@type":"BreadcrumbList","@id":"https:\/\/www.bizimbahcesitesi.com\/?page_id=943#breadcrumb","itemListElement":[{"@type":"ListItem","position":1,"name":"Anasayfa","item":"https:\/\/www.bizimbahcesitesi.com\/"},{"@type":"ListItem","position":2,"name":"\u00c7evresel Y\u00f6netmelik"}]},{"@type":"WebSite","@id":"https:\/\/www.bizimbahcesitesi.com\/#website","url":"https:\/\/www.bizimbahcesitesi.com\/","name":"Bizim Bah\u00e7e Sitesi","description":"Sakarya Serdivan G\u00fcner \u00dcnver Bizim Bah\u00e7e Sitesi 05336721488","publisher":{"@id":"https:\/\/www.bizimbahcesitesi.com\/#organization"},"potentialAction":[{"@type":"SearchAction","target":{"@type":"EntryPoint","urlTemplate":"https:\/\/www.bizimbahcesitesi.com\/?s={search_term_string}"},"query-input":{"@type":"PropertyValueSpecification","valueRequired":true,"valueName":"search_term_string"}}],"inLanguage":"tr"},{"@type":"Organization","@id":"https:\/\/www.bizimbahcesitesi.com\/#organization","name":"Bizim Bah\u00e7e Sitesi","url":"https:\/\/www.bizimbahcesitesi.com\/","logo":{"@type":"ImageObject","inLanguage":"tr","@id":"https:\/\/www.bizimbahcesitesi.com\/#\/schema\/logo\/image\/","url":"https:\/\/www.bizimbahcesitesi.com\/wp-content\/uploads\/2017\/04\/cropped-cropped-logo-1.png","contentUrl":"https:\/\/www.bizimbahcesitesi.com\/wp-content\/uploads\/2017\/04\/cropped-cropped-logo-1.png","width":512,"height":512,"caption":"Bizim Bah\u00e7e Sitesi"},"image":{"@id":"https:\/\/www.bizimbahcesitesi.com\/#\/schema\/logo\/image\/"}}]}},"_links":{"self":[{"href":"https:\/\/www.bizimbahcesitesi.com\/index.php?rest_route=\/wp\/v2\/pages\/943","targetHints":{"allow":["GET"]}}],"collection":[{"href":"https:\/\/www.bizimbahcesitesi.com\/index.php?rest_route=\/wp\/v2\/pages"}],"about":[{"href":"https:\/\/www.bizimbahcesitesi.com\/index.php?rest_route=\/wp\/v2\/types\/page"}],"author":[{"embeddable":true,"href":"https:\/\/www.bizimbahcesitesi.com\/index.php?rest_route=\/wp\/v2\/users\/1"}],"replies":[{"embeddable":true,"href":"https:\/\/www.bizimbahcesitesi.com\/index.php?rest_route=%2Fwp%2Fv2%2Fcomments&post=943"}],"version-history":[{"count":3,"href":"https:\/\/www.bizimbahcesitesi.com\/index.php?rest_route=\/wp\/v2\/pages\/943\/revisions"}],"predecessor-version":[{"id":946,"href":"https:\/\/www.bizimbahcesitesi.com\/index.php?rest_route=\/wp\/v2\/pages\/943\/revisions\/946"}],"wp:attachment":[{"href":"https:\/\/www.bizimbahcesitesi.com\/index.php?rest_route=%2Fwp%2Fv2%2Fmedia&parent=943"}],"curies":[{"name":"wp","href":"https:\/\/api.w.org\/{rel}","templated":true}]}}