{"id":928,"date":"2017-11-18T23:56:58","date_gmt":"2017-11-18T21:56:58","guid":{"rendered":"http:\/\/www.bizimbahcesitesi.com\/?page_id=928"},"modified":"2017-11-19T00:12:41","modified_gmt":"2017-11-18T22:12:41","slug":"kat-mulkiyeti-kanunu-2","status":"publish","type":"page","link":"https:\/\/www.bizimbahcesitesi.com\/?page_id=928","title":{"rendered":"Kat M\u00fclkiyeti Kanunu"},"content":{"rendered":"<p><span style=\"font-size: 21px;\">\u00a0\u00a0 Kat M\u00fclkiyeti Kanunu<\/span><\/p>\n<p><a href=\"https:\/\/www.bizimbahcesitesi.com\/wp-content\/uploads\/2017\/11\/01-KAT-MULKIYETI-KANUNU-634.doc\">DOSYAYI INDIR (WORD)<\/a><\/p>\n","protected":false},"excerpt":{"rendered":"<p>\u00a0\u00a0 Kat M\u00fclkiyeti Kanunu DOSYAYI INDIR (WORD)<\/p>\n","protected":false},"author":1,"featured_media":0,"parent":0,"menu_order":0,"comment_status":"closed","ping_status":"closed","template":"","meta":{"footnotes":""},"class_list":["post-928","page","type-page","status-publish","hentry"],"yoast_head":"<!-- This site is optimized with the Yoast SEO plugin v27.4 - https:\/\/yoast.com\/product\/yoast-seo-wordpress\/ -->\n<title>Kat M\u00fclkiyeti Kanunu - Bizim Bah\u00e7e Sitesi<\/title>\n<meta name=\"robots\" content=\"index, follow, max-snippet:-1, max-image-preview:large, max-video-preview:-1\" \/>\n<link rel=\"canonical\" href=\"https:\/\/www.bizimbahcesitesi.com\/?page_id=928\" \/>\n<meta property=\"og:locale\" content=\"tr_TR\" \/>\n<meta property=\"og:type\" content=\"article\" \/>\n<meta property=\"og:title\" content=\"Kat M\u00fclkiyeti Kanunu - Bizim Bah\u00e7e Sitesi\" \/>\n<meta property=\"og:description\" content=\"\u00a0\u00a0 Kat M\u00fclkiyeti Kanunu DOSYAYI INDIR (WORD)\" \/>\n<meta property=\"og:url\" content=\"https:\/\/www.bizimbahcesitesi.com\/?page_id=928\" \/>\n<meta property=\"og:site_name\" content=\"Bizim Bah\u00e7e Sitesi\" \/>\n<meta property=\"article:modified_time\" content=\"2017-11-18T22:12:41+00:00\" \/>\n<meta name=\"twitter:card\" content=\"summary_large_image\" \/>\n<script type=\"application\/ld+json\" class=\"yoast-schema-graph\">{\"@context\":\"https:\\\/\\\/schema.org\",\"@graph\":[{\"@type\":\"WebPage\",\"@id\":\"https:\\\/\\\/www.bizimbahcesitesi.com\\\/?page_id=928\",\"url\":\"https:\\\/\\\/www.bizimbahcesitesi.com\\\/?page_id=928\",\"name\":\"Kat M\u00fclkiyeti Kanunu - Bizim Bah\u00e7e Sitesi\",\"isPartOf\":{\"@id\":\"https:\\\/\\\/www.bizimbahcesitesi.com\\\/#website\"},\"datePublished\":\"2017-11-18T21:56:58+00:00\",\"dateModified\":\"2017-11-18T22:12:41+00:00\",\"breadcrumb\":{\"@id\":\"https:\\\/\\\/www.bizimbahcesitesi.com\\\/?page_id=928#breadcrumb\"},\"inLanguage\":\"tr\",\"potentialAction\":[{\"@type\":\"ReadAction\",\"target\":[\"https:\\\/\\\/www.bizimbahcesitesi.com\\\/?page_id=928\"]}]},{\"@type\":\"BreadcrumbList\",\"@id\":\"https:\\\/\\\/www.bizimbahcesitesi.com\\\/?page_id=928#breadcrumb\",\"itemListElement\":[{\"@type\":\"ListItem\",\"position\":1,\"name\":\"Anasayfa\",\"item\":\"https:\\\/\\\/www.bizimbahcesitesi.com\\\/\"},{\"@type\":\"ListItem\",\"position\":2,\"name\":\"Kat M\u00fclkiyeti Kanunu\"}]},{\"@type\":\"WebSite\",\"@id\":\"https:\\\/\\\/www.bizimbahcesitesi.com\\\/#website\",\"url\":\"https:\\\/\\\/www.bizimbahcesitesi.com\\\/\",\"name\":\"Bizim Bah\u00e7e Sitesi\",\"description\":\"Sakarya Serdivan G\u00fcner \u00dcnver Bizim Bah\u00e7e Sitesi 05336721488\",\"publisher\":{\"@id\":\"https:\\\/\\\/www.bizimbahcesitesi.com\\\/#organization\"},\"potentialAction\":[{\"@type\":\"SearchAction\",\"target\":{\"@type\":\"EntryPoint\",\"urlTemplate\":\"https:\\\/\\\/www.bizimbahcesitesi.com\\\/?s={search_term_string}\"},\"query-input\":{\"@type\":\"PropertyValueSpecification\",\"valueRequired\":true,\"valueName\":\"search_term_string\"}}],\"inLanguage\":\"tr\"},{\"@type\":\"Organization\",\"@id\":\"https:\\\/\\\/www.bizimbahcesitesi.com\\\/#organization\",\"name\":\"Bizim Bah\u00e7e Sitesi\",\"url\":\"https:\\\/\\\/www.bizimbahcesitesi.com\\\/\",\"logo\":{\"@type\":\"ImageObject\",\"inLanguage\":\"tr\",\"@id\":\"https:\\\/\\\/www.bizimbahcesitesi.com\\\/#\\\/schema\\\/logo\\\/image\\\/\",\"url\":\"https:\\\/\\\/www.bizimbahcesitesi.com\\\/wp-content\\\/uploads\\\/2017\\\/04\\\/cropped-cropped-logo-1.png\",\"contentUrl\":\"https:\\\/\\\/www.bizimbahcesitesi.com\\\/wp-content\\\/uploads\\\/2017\\\/04\\\/cropped-cropped-logo-1.png\",\"width\":512,\"height\":512,\"caption\":\"Bizim Bah\u00e7e Sitesi\"},\"image\":{\"@id\":\"https:\\\/\\\/www.bizimbahcesitesi.com\\\/#\\\/schema\\\/logo\\\/image\\\/\"}}]}<\/script>\n<!-- \/ Yoast SEO plugin. -->","yoast_head_json":{"title":"Kat M\u00fclkiyeti Kanunu - Bizim Bah\u00e7e Sitesi","robots":{"index":"index","follow":"follow","max-snippet":"max-snippet:-1","max-image-preview":"max-image-preview:large","max-video-preview":"max-video-preview:-1"},"canonical":"https:\/\/www.bizimbahcesitesi.com\/?page_id=928","og_locale":"tr_TR","og_type":"article","og_title":"Kat M\u00fclkiyeti Kanunu - Bizim Bah\u00e7e Sitesi","og_description":"\u00a0\u00a0 Kat M\u00fclkiyeti Kanunu DOSYAYI INDIR (WORD)","og_url":"https:\/\/www.bizimbahcesitesi.com\/?page_id=928","og_site_name":"Bizim Bah\u00e7e Sitesi","article_modified_time":"2017-11-18T22:12:41+00:00","twitter_card":"summary_large_image","schema":{"@context":"https:\/\/schema.org","@graph":[{"@type":"WebPage","@id":"https:\/\/www.bizimbahcesitesi.com\/?page_id=928","url":"https:\/\/www.bizimbahcesitesi.com\/?page_id=928","name":"Kat M\u00fclkiyeti Kanunu - Bizim Bah\u00e7e Sitesi","isPartOf":{"@id":"https:\/\/www.bizimbahcesitesi.com\/#website"},"datePublished":"2017-11-18T21:56:58+00:00","dateModified":"2017-11-18T22:12:41+00:00","breadcrumb":{"@id":"https:\/\/www.bizimbahcesitesi.com\/?page_id=928#breadcrumb"},"inLanguage":"tr","potentialAction":[{"@type":"ReadAction","target":["https:\/\/www.bizimbahcesitesi.com\/?page_id=928"]}]},{"@type":"BreadcrumbList","@id":"https:\/\/www.bizimbahcesitesi.com\/?page_id=928#breadcrumb","itemListElement":[{"@type":"ListItem","position":1,"name":"Anasayfa","item":"https:\/\/www.bizimbahcesitesi.com\/"},{"@type":"ListItem","position":2,"name":"Kat M\u00fclkiyeti Kanunu"}]},{"@type":"WebSite","@id":"https:\/\/www.bizimbahcesitesi.com\/#website","url":"https:\/\/www.bizimbahcesitesi.com\/","name":"Bizim Bah\u00e7e Sitesi","description":"Sakarya Serdivan G\u00fcner \u00dcnver Bizim Bah\u00e7e Sitesi 05336721488","publisher":{"@id":"https:\/\/www.bizimbahcesitesi.com\/#organization"},"potentialAction":[{"@type":"SearchAction","target":{"@type":"EntryPoint","urlTemplate":"https:\/\/www.bizimbahcesitesi.com\/?s={search_term_string}"},"query-input":{"@type":"PropertyValueSpecification","valueRequired":true,"valueName":"search_term_string"}}],"inLanguage":"tr"},{"@type":"Organization","@id":"https:\/\/www.bizimbahcesitesi.com\/#organization","name":"Bizim Bah\u00e7e Sitesi","url":"https:\/\/www.bizimbahcesitesi.com\/","logo":{"@type":"ImageObject","inLanguage":"tr","@id":"https:\/\/www.bizimbahcesitesi.com\/#\/schema\/logo\/image\/","url":"https:\/\/www.bizimbahcesitesi.com\/wp-content\/uploads\/2017\/04\/cropped-cropped-logo-1.png","contentUrl":"https:\/\/www.bizimbahcesitesi.com\/wp-content\/uploads\/2017\/04\/cropped-cropped-logo-1.png","width":512,"height":512,"caption":"Bizim Bah\u00e7e Sitesi"},"image":{"@id":"https:\/\/www.bizimbahcesitesi.com\/#\/schema\/logo\/image\/"}}]}},"_links":{"self":[{"href":"https:\/\/www.bizimbahcesitesi.com\/index.php?rest_route=\/wp\/v2\/pages\/928","targetHints":{"allow":["GET"]}}],"collection":[{"href":"https:\/\/www.bizimbahcesitesi.com\/index.php?rest_route=\/wp\/v2\/pages"}],"about":[{"href":"https:\/\/www.bizimbahcesitesi.com\/index.php?rest_route=\/wp\/v2\/types\/page"}],"author":[{"embeddable":true,"href":"https:\/\/www.bizimbahcesitesi.com\/index.php?rest_route=\/wp\/v2\/users\/1"}],"replies":[{"embeddable":true,"href":"https:\/\/www.bizimbahcesitesi.com\/index.php?rest_route=%2Fwp%2Fv2%2Fcomments&post=928"}],"version-history":[{"count":3,"href":"https:\/\/www.bizimbahcesitesi.com\/index.php?rest_route=\/wp\/v2\/pages\/928\/revisions"}],"predecessor-version":[{"id":950,"href":"https:\/\/www.bizimbahcesitesi.com\/index.php?rest_route=\/wp\/v2\/pages\/928\/revisions\/950"}],"wp:attachment":[{"href":"https:\/\/www.bizimbahcesitesi.com\/index.php?rest_route=%2Fwp%2Fv2%2Fmedia&parent=928"}],"curies":[{"name":"wp","href":"https:\/\/api.w.org\/{rel}","templated":true}]}}