{"id":3503,"date":"2024-10-03T13:42:59","date_gmt":"2024-10-03T10:42:59","guid":{"rendered":"https:\/\/www.bizimbahcesitesi.com\/?page_id=3503"},"modified":"2024-10-13T15:44:32","modified_gmt":"2024-10-13T12:44:32","slug":"colibri-wp","status":"publish","type":"page","link":"https:\/\/www.bizimbahcesitesi.com\/","title":{"rendered":"B\u0130Z\u0130MBAH\u00c7E S\u0130TES\u0130 1.ETAP"},"content":{"rendered":"\t\t<div data-elementor-type=\"wp-page\" data-elementor-id=\"3503\" class=\"elementor elementor-3503\">\n\t\t\t\t\t\t<section class=\"elementor-section elementor-top-section elementor-element elementor-element-6cc26ad0 elementor-section-boxed elementor-section-height-default elementor-section-height-default\" data-id=\"6cc26ad0\" data-element_type=\"section\" data-e-type=\"section\">\n\t\t\t\t\t\t<div class=\"elementor-container elementor-column-gap-default\">\n\t\t\t\t\t<div class=\"elementor-column elementor-col-100 elementor-top-column elementor-element elementor-element-25a26e5\" data-id=\"25a26e5\" data-element_type=\"column\" data-e-type=\"column\">\n\t\t\t<div class=\"elementor-widget-wrap elementor-element-populated\">\n\t\t\t\t\t\t<div class=\"elementor-element elementor-element-379a67b8 elementor-widget elementor-widget-text-editor\" data-id=\"379a67b8\" data-element_type=\"widget\" data-e-type=\"widget\" data-widget_type=\"text-editor.default\">\n\t\t\t\t<div class=\"elementor-widget-container\">\n\t\t\t\t\t\t\t\t\t<div class=\"style-191 style-local-3503-c1 position-relative\" data-colibri-id=\"3503-c1\">\r\n<div id=\"features\" class=\"h-section h-section-global-spacing d-flex align-items-lg-center align-items-md-center align-items-center style-192 style-local-3503-c2 position-relative\" data-colibri-component=\"section\" data-colibri-id=\"3503-c2\">\r\n<div class=\"h-section-grid-container h-section-boxed-container\">\r\n<div class=\"h-row-container gutters-row-lg-2 gutters-row-md-2 gutters-row-0 gutters-row-v-lg-2 gutters-row-v-md-2 gutters-row-v-2 style-197 style-local-3503-c16 position-relative\" data-colibri-id=\"3503-c16\">\r\n<div class=\"h-row justify-content-lg-center justify-content-md-center justify-content-center align-items-lg-stretch align-items-md-stretch align-items-stretch gutters-col-lg-2 gutters-col-md-2 gutters-col-0 gutters-col-v-lg-2 gutters-col-v-md-2 gutters-col-v-2\">\r\n<div class=\"h-column h-column-container d-flex h-col-lg-auto h-col-md-auto h-col-auto style-198-outer style-local-3503-c17-outer\">\r\n<div class=\"d-flex h-flex-basis h-column__inner h-px-lg-2 h-px-md-2 h-px-2 v-inner-lg-2 v-inner-md-2 v-inner-2 style-198 style-local-3503-c17 position-relative\" data-colibri-id=\"3503-c17\">\r\n<div class=\"w-100 h-y-container h-column__content h-column__v-align flex-basis-100 align-self-lg-start align-self-md-start align-self-start\">\r\n<div class=\"h-global-transition-all h-heading style-199 style-local-3503-c18 position-relative h-element\" data-colibri-id=\"3503-c18\"><\/div>\r\n<\/div>\r\n<\/div>\r\n<\/div>\r\n<\/div>\r\n<\/div>\r\n<\/div>\r\n<\/div>\r\n<div id=\"contact\" class=\"h-section h-section-global-spacing d-flex align-items-lg-center align-items-md-center align-items-center style-329 style-local-3503-c236 position-relative\" data-colibri-component=\"section\" data-colibri-id=\"3503-c236\">\r\n<div class=\"h-section-grid-container h-section-boxed-container\">\r\n<div class=\"h-row-container gutters-row-lg-2 gutters-row-md-2 gutters-row-2 gutters-row-v-lg-2 gutters-row-v-md-2 gutters-row-v-2 style-330 style-local-3503-c237 position-relative\" data-colibri-id=\"3503-c237\">\r\n<div class=\"h-row justify-content-lg-center justify-content-md-center justify-content-center align-items-lg-stretch align-items-md-stretch align-items-stretch gutters-col-lg-2 gutters-col-md-2 gutters-col-2 gutters-col-v-lg-2 gutters-col-v-md-2 gutters-col-v-2\">\r\n<div class=\"h-column h-column-container d-flex h-col-lg-auto h-col-md-auto h-col-auto style-331-outer style-local-3503-c238-outer\">\r\n<div class=\"d-flex h-flex-basis h-column__inner h-px-lg-0 h-px-md-0 h-px-0 v-inner-lg-0 v-inner-md-0 v-inner-0 style-331 style-local-3503-c238 position-relative\" data-colibri-id=\"3503-c238\">\r\n<div class=\"w-100 h-y-container h-column__content h-column__v-align flex-basis-100 align-self-lg-start align-self-md-start align-self-start\">\r\n<div class=\"h-row-container gutters-row-lg-0 gutters-row-md-0 gutters-row-0 gutters-row-v-lg-0 gutters-row-v-md-0 gutters-row-v-0 style-332 style-local-3503-c239 position-relative\" data-colibri-id=\"3503-c239\">\r\n<div class=\"h-row justify-content-lg-center justify-content-md-center justify-content-center align-items-lg-stretch align-items-md-stretch align-items-stretch gutters-col-lg-0 gutters-col-md-0 gutters-col-0 gutters-col-v-lg-0 gutters-col-v-md-0 gutters-col-v-0\">\r\n<div class=\"h-column h-column-container d-flex h-col-lg-auto h-col-md-auto h-col-auto style-338-outer style-local-3503-c245-outer\">\r\n<div class=\"d-flex h-flex-basis h-column__inner h-px-lg-0 h-px-md-0 h-px-0 v-inner-lg-0 v-inner-md-0 v-inner-0 style-338 style-local-3503-c245 position-relative\" data-colibri-id=\"3503-c245\">\r\n<div class=\"w-100 h-y-container h-column__content h-column__v-align flex-basis-100 align-self-lg-center align-self-md-center align-self-center\">\r\n<div class=\"style-339 style-local-3503-c246 position-relative h-element\" data-colibri-id=\"3503-c246\">\r\n<div class=\"h-global-transition-all h-contact-form-shortcode h-global-transition h-global-transition-all\">\r\n<p class=\"shortcode-placeholder-preview\"><\/p>\r\n\r\n<\/div>\r\n<\/div>\r\n<\/div>\r\n<\/div>\r\n<\/div>\r\n<\/div>\r\n<\/div>\r\n<\/div>\r\n<\/div>\r\n<\/div>\r\n<\/div>\r\n<\/div>\r\n<\/div>\r\n<\/div>\r\n<\/div>\t\t\t\t\t\t\t\t<\/div>\n\t\t\t\t<\/div>\n\t\t\t\t\t<\/div>\n\t\t<\/div>\n\t\t\t\t\t<\/div>\n\t\t<\/section>\n\t\t\t\t<section class=\"elementor-section elementor-top-section elementor-element elementor-element-4860cf0 elementor-section-boxed elementor-section-height-default elementor-section-height-default\" data-id=\"4860cf0\" data-element_type=\"section\" data-e-type=\"section\">\n\t\t\t\t\t\t<div class=\"elementor-container elementor-column-gap-default\">\n\t\t\t\t\t<div class=\"elementor-column elementor-col-100 elementor-top-column elementor-element elementor-element-6f12df3\" data-id=\"6f12df3\" data-element_type=\"column\" data-e-type=\"column\">\n\t\t\t<div class=\"elementor-widget-wrap elementor-element-populated\">\n\t\t\t\t\t\t<div class=\"elementor-element elementor-element-7fae769 elementor-widget elementor-widget-google_maps\" data-id=\"7fae769\" data-element_type=\"widget\" data-e-type=\"widget\" data-widget_type=\"google_maps.default\">\n\t\t\t\t<div class=\"elementor-widget-container\">\n\t\t\t\t\t\t\t<div class=\"elementor-custom-embed\">\n\t\t\t<iframe loading=\"lazy\"\n\t\t\t\t\tsrc=\"https:\/\/maps.google.com\/maps?q=B%C4%B0Z%C4%B0MBAH%C3%87E%20S%C4%B0TES%C4%B0%201.ETAP&#038;t=m&#038;z=15&#038;output=embed&#038;iwloc=near\"\n\t\t\t\t\ttitle=\"B\u0130Z\u0130MBAH\u00c7E S\u0130TES\u0130 1.ETAP\"\n\t\t\t\t\taria-label=\"B\u0130Z\u0130MBAH\u00c7E S\u0130TES\u0130 1.ETAP\"\n\t\t\t><\/iframe>\n\t\t<\/div>\n\t\t\t\t\t\t<\/div>\n\t\t\t\t<\/div>\n\t\t\t\t\t<\/div>\n\t\t<\/div>\n\t\t\t\t\t<\/div>\n\t\t<\/section>\n\t\t\t\t<\/div>\n\t\t","protected":false},"excerpt":{"rendered":"","protected":false},"author":1,"featured_media":2490,"parent":0,"menu_order":0,"comment_status":"closed","ping_status":"closed","template":"","meta":{"footnotes":""},"class_list":["post-3503","page","type-page","status-publish","has-post-thumbnail","hentry"],"yoast_head":"<!-- This site is optimized with the Yoast SEO plugin v27.5 - https:\/\/yoast.com\/product\/yoast-seo-wordpress\/ -->\n<title>B\u0130Z\u0130MBAH\u00c7E S\u0130TES\u0130 1.ETAP - Bizim Bah\u00e7e Sitesi<\/title>\n<meta name=\"robots\" content=\"index, follow, max-snippet:-1, max-image-preview:large, max-video-preview:-1\" \/>\n<link rel=\"canonical\" href=\"https:\/\/www.bizimbahcesitesi.com\/\" \/>\n<meta property=\"og:locale\" content=\"tr_TR\" \/>\n<meta property=\"og:type\" content=\"article\" \/>\n<meta property=\"og:title\" content=\"B\u0130Z\u0130MBAH\u00c7E S\u0130TES\u0130 1.ETAP - Bizim Bah\u00e7e Sitesi\" \/>\n<meta property=\"og:url\" content=\"https:\/\/www.bizimbahcesitesi.com\/\" \/>\n<meta property=\"og:site_name\" content=\"Bizim Bah\u00e7e Sitesi\" \/>\n<meta property=\"article:modified_time\" content=\"2024-10-13T12:44:32+00:00\" \/>\n<meta property=\"og:image\" content=\"https:\/\/www.bizimbahcesitesi.com\/wp-content\/uploads\/2017\/04\/cropped-logo.png\" \/>\n\t<meta property=\"og:image:width\" content=\"512\" \/>\n\t<meta property=\"og:image:height\" content=\"512\" \/>\n\t<meta property=\"og:image:type\" content=\"image\/png\" \/>\n<meta name=\"twitter:card\" content=\"summary_large_image\" \/>\n<script type=\"application\/ld+json\" class=\"yoast-schema-graph\">{\"@context\":\"https:\\\/\\\/schema.org\",\"@graph\":[{\"@type\":\"WebPage\",\"@id\":\"https:\\\/\\\/www.bizimbahcesitesi.com\\\/\",\"url\":\"https:\\\/\\\/www.bizimbahcesitesi.com\\\/\",\"name\":\"B\u0130Z\u0130MBAH\u00c7E S\u0130TES\u0130 1.ETAP - Bizim Bah\u00e7e Sitesi\",\"isPartOf\":{\"@id\":\"https:\\\/\\\/www.bizimbahcesitesi.com\\\/#website\"},\"primaryImageOfPage\":{\"@id\":\"https:\\\/\\\/www.bizimbahcesitesi.com\\\/#primaryimage\"},\"image\":{\"@id\":\"https:\\\/\\\/www.bizimbahcesitesi.com\\\/#primaryimage\"},\"thumbnailUrl\":\"https:\\\/\\\/www.bizimbahcesitesi.com\\\/wp-content\\\/uploads\\\/2017\\\/04\\\/cropped-logo.png\",\"datePublished\":\"2024-10-03T10:42:59+00:00\",\"dateModified\":\"2024-10-13T12:44:32+00:00\",\"breadcrumb\":{\"@id\":\"https:\\\/\\\/www.bizimbahcesitesi.com\\\/#breadcrumb\"},\"inLanguage\":\"tr\",\"potentialAction\":[{\"@type\":\"ReadAction\",\"target\":[\"https:\\\/\\\/www.bizimbahcesitesi.com\\\/\"]}]},{\"@type\":\"ImageObject\",\"inLanguage\":\"tr\",\"@id\":\"https:\\\/\\\/www.bizimbahcesitesi.com\\\/#primaryimage\",\"url\":\"https:\\\/\\\/www.bizimbahcesitesi.com\\\/wp-content\\\/uploads\\\/2017\\\/04\\\/cropped-logo.png\",\"contentUrl\":\"https:\\\/\\\/www.bizimbahcesitesi.com\\\/wp-content\\\/uploads\\\/2017\\\/04\\\/cropped-logo.png\",\"width\":512,\"height\":512},{\"@type\":\"BreadcrumbList\",\"@id\":\"https:\\\/\\\/www.bizimbahcesitesi.com\\\/#breadcrumb\",\"itemListElement\":[{\"@type\":\"ListItem\",\"position\":1,\"name\":\"Anasayfa\",\"item\":\"https:\\\/\\\/www.bizimbahcesitesi.com\\\/\"},{\"@type\":\"ListItem\",\"position\":2,\"name\":\"B\u0130Z\u0130MBAH\u00c7E S\u0130TES\u0130 1.ETAP\"}]},{\"@type\":\"WebSite\",\"@id\":\"https:\\\/\\\/www.bizimbahcesitesi.com\\\/#website\",\"url\":\"https:\\\/\\\/www.bizimbahcesitesi.com\\\/\",\"name\":\"Bizim Bah\u00e7e Sitesi\",\"description\":\"Sakarya Serdivan G\u00fcner \u00dcnver Bizim Bah\u00e7e Sitesi 05336721488\",\"publisher\":{\"@id\":\"https:\\\/\\\/www.bizimbahcesitesi.com\\\/#organization\"},\"potentialAction\":[{\"@type\":\"SearchAction\",\"target\":{\"@type\":\"EntryPoint\",\"urlTemplate\":\"https:\\\/\\\/www.bizimbahcesitesi.com\\\/?s={search_term_string}\"},\"query-input\":{\"@type\":\"PropertyValueSpecification\",\"valueRequired\":true,\"valueName\":\"search_term_string\"}}],\"inLanguage\":\"tr\"},{\"@type\":\"Organization\",\"@id\":\"https:\\\/\\\/www.bizimbahcesitesi.com\\\/#organization\",\"name\":\"Bizim Bah\u00e7e Sitesi\",\"url\":\"https:\\\/\\\/www.bizimbahcesitesi.com\\\/\",\"logo\":{\"@type\":\"ImageObject\",\"inLanguage\":\"tr\",\"@id\":\"https:\\\/\\\/www.bizimbahcesitesi.com\\\/#\\\/schema\\\/logo\\\/image\\\/\",\"url\":\"https:\\\/\\\/www.bizimbahcesitesi.com\\\/wp-content\\\/uploads\\\/2017\\\/04\\\/cropped-cropped-logo-1.png\",\"contentUrl\":\"https:\\\/\\\/www.bizimbahcesitesi.com\\\/wp-content\\\/uploads\\\/2017\\\/04\\\/cropped-cropped-logo-1.png\",\"width\":512,\"height\":512,\"caption\":\"Bizim Bah\u00e7e Sitesi\"},\"image\":{\"@id\":\"https:\\\/\\\/www.bizimbahcesitesi.com\\\/#\\\/schema\\\/logo\\\/image\\\/\"}}]}<\/script>\n<!-- \/ Yoast SEO plugin. -->","yoast_head_json":{"title":"B\u0130Z\u0130MBAH\u00c7E S\u0130TES\u0130 1.ETAP - Bizim Bah\u00e7e Sitesi","robots":{"index":"index","follow":"follow","max-snippet":"max-snippet:-1","max-image-preview":"max-image-preview:large","max-video-preview":"max-video-preview:-1"},"canonical":"https:\/\/www.bizimbahcesitesi.com\/","og_locale":"tr_TR","og_type":"article","og_title":"B\u0130Z\u0130MBAH\u00c7E S\u0130TES\u0130 1.ETAP - Bizim Bah\u00e7e Sitesi","og_url":"https:\/\/www.bizimbahcesitesi.com\/","og_site_name":"Bizim Bah\u00e7e Sitesi","article_modified_time":"2024-10-13T12:44:32+00:00","og_image":[{"width":512,"height":512,"url":"https:\/\/www.bizimbahcesitesi.com\/wp-content\/uploads\/2017\/04\/cropped-logo.png","type":"image\/png"}],"twitter_card":"summary_large_image","schema":{"@context":"https:\/\/schema.org","@graph":[{"@type":"WebPage","@id":"https:\/\/www.bizimbahcesitesi.com\/","url":"https:\/\/www.bizimbahcesitesi.com\/","name":"B\u0130Z\u0130MBAH\u00c7E S\u0130TES\u0130 1.ETAP - Bizim Bah\u00e7e Sitesi","isPartOf":{"@id":"https:\/\/www.bizimbahcesitesi.com\/#website"},"primaryImageOfPage":{"@id":"https:\/\/www.bizimbahcesitesi.com\/#primaryimage"},"image":{"@id":"https:\/\/www.bizimbahcesitesi.com\/#primaryimage"},"thumbnailUrl":"https:\/\/www.bizimbahcesitesi.com\/wp-content\/uploads\/2017\/04\/cropped-logo.png","datePublished":"2024-10-03T10:42:59+00:00","dateModified":"2024-10-13T12:44:32+00:00","breadcrumb":{"@id":"https:\/\/www.bizimbahcesitesi.com\/#breadcrumb"},"inLanguage":"tr","potentialAction":[{"@type":"ReadAction","target":["https:\/\/www.bizimbahcesitesi.com\/"]}]},{"@type":"ImageObject","inLanguage":"tr","@id":"https:\/\/www.bizimbahcesitesi.com\/#primaryimage","url":"https:\/\/www.bizimbahcesitesi.com\/wp-content\/uploads\/2017\/04\/cropped-logo.png","contentUrl":"https:\/\/www.bizimbahcesitesi.com\/wp-content\/uploads\/2017\/04\/cropped-logo.png","width":512,"height":512},{"@type":"BreadcrumbList","@id":"https:\/\/www.bizimbahcesitesi.com\/#breadcrumb","itemListElement":[{"@type":"ListItem","position":1,"name":"Anasayfa","item":"https:\/\/www.bizimbahcesitesi.com\/"},{"@type":"ListItem","position":2,"name":"B\u0130Z\u0130MBAH\u00c7E S\u0130TES\u0130 1.ETAP"}]},{"@type":"WebSite","@id":"https:\/\/www.bizimbahcesitesi.com\/#website","url":"https:\/\/www.bizimbahcesitesi.com\/","name":"Bizim Bah\u00e7e Sitesi","description":"Sakarya Serdivan G\u00fcner \u00dcnver Bizim Bah\u00e7e Sitesi 05336721488","publisher":{"@id":"https:\/\/www.bizimbahcesitesi.com\/#organization"},"potentialAction":[{"@type":"SearchAction","target":{"@type":"EntryPoint","urlTemplate":"https:\/\/www.bizimbahcesitesi.com\/?s={search_term_string}"},"query-input":{"@type":"PropertyValueSpecification","valueRequired":true,"valueName":"search_term_string"}}],"inLanguage":"tr"},{"@type":"Organization","@id":"https:\/\/www.bizimbahcesitesi.com\/#organization","name":"Bizim Bah\u00e7e Sitesi","url":"https:\/\/www.bizimbahcesitesi.com\/","logo":{"@type":"ImageObject","inLanguage":"tr","@id":"https:\/\/www.bizimbahcesitesi.com\/#\/schema\/logo\/image\/","url":"https:\/\/www.bizimbahcesitesi.com\/wp-content\/uploads\/2017\/04\/cropped-cropped-logo-1.png","contentUrl":"https:\/\/www.bizimbahcesitesi.com\/wp-content\/uploads\/2017\/04\/cropped-cropped-logo-1.png","width":512,"height":512,"caption":"Bizim Bah\u00e7e Sitesi"},"image":{"@id":"https:\/\/www.bizimbahcesitesi.com\/#\/schema\/logo\/image\/"}}]}},"_links":{"self":[{"href":"https:\/\/www.bizimbahcesitesi.com\/index.php?rest_route=\/wp\/v2\/pages\/3503","targetHints":{"allow":["GET"]}}],"collection":[{"href":"https:\/\/www.bizimbahcesitesi.com\/index.php?rest_route=\/wp\/v2\/pages"}],"about":[{"href":"https:\/\/www.bizimbahcesitesi.com\/index.php?rest_route=\/wp\/v2\/types\/page"}],"author":[{"embeddable":true,"href":"https:\/\/www.bizimbahcesitesi.com\/index.php?rest_route=\/wp\/v2\/users\/1"}],"replies":[{"embeddable":true,"href":"https:\/\/www.bizimbahcesitesi.com\/index.php?rest_route=%2Fwp%2Fv2%2Fcomments&post=3503"}],"version-history":[{"count":13,"href":"https:\/\/www.bizimbahcesitesi.com\/index.php?rest_route=\/wp\/v2\/pages\/3503\/revisions"}],"predecessor-version":[{"id":3520,"href":"https:\/\/www.bizimbahcesitesi.com\/index.php?rest_route=\/wp\/v2\/pages\/3503\/revisions\/3520"}],"wp:featuredmedia":[{"embeddable":true,"href":"https:\/\/www.bizimbahcesitesi.com\/index.php?rest_route=\/wp\/v2\/media\/2490"}],"wp:attachment":[{"href":"https:\/\/www.bizimbahcesitesi.com\/index.php?rest_route=%2Fwp%2Fv2%2Fmedia&parent=3503"}],"curies":[{"name":"wp","href":"https:\/\/api.w.org\/{rel}","templated":true}]}}