{"id":308,"date":"2015-08-07T15:48:39","date_gmt":"2015-08-07T15:48:39","guid":{"rendered":"http:\/\/www.bizimbahcesitesi.com\/?page_id=308"},"modified":"2022-12-10T15:11:21","modified_gmt":"2022-12-10T12:11:21","slug":"blog","status":"publish","type":"page","link":"https:\/\/www.bizimbahcesitesi.com\/?page_id=308","title":{"rendered":"Duyurular"},"content":{"rendered":"<p><strong>G\u00dcNER \u00dcNVER B\u0130Z\u0130M BAH\u00c7E S\u0130TES\u0130 1.ETAP KAT MAL\u0130KLER\u0130NE<\/strong><\/p>\n<p>Site genel kurulu a\u015fa\u011f\u0131daki g\u00fcndem maddelerini g\u00f6r\u00fc\u015f\u00fcp,karara ba\u011flamak \u00fczere <strong>08\/01\/2023 tarihinde (PAZAR) saat 13:00\u2019de sitemiz sosyal tesisinde ola\u011fan genel kurul<\/strong> olarak toplanacakt\u0131r.<\/p>\n<p>Bu toplant\u0131da yeter say\u0131 sa\u011flanamad\u0131\u011f\u0131 taktirde ,ikinci toplant\u0131 nisap(\u00e7o\u011funluk) <strong>aranmaks\u0131z\u0131n 15\/01\/2023 tarihinde (PAZAR) saat 13:00\u2019de ayn\u0131 yerde yap\u0131lacakt\u0131r.<\/strong><\/p>\n<p>B\u00fct\u00fcn kat maliklerinin toplant\u0131ya kat\u0131lmalar\u0131 veya kendilerini vekaleten temsil ettirmeleri \u00f6nemle rica olunur<\/p>\n<p>Toplant\u0131ya kat\u0131lmayan kat malikleri toplant\u0131da al\u0131nm\u0131\u015f kararlar\u0131 kat m\u00fclkiyeti kanunu gere\u011fi pe\u015finen kabul etmi\u015f say\u0131l\u0131r.<\/p>\n<p>Y\u00d6NET\u0130M KURULU<\/p>\n<p>G\u00dcNDEM:<\/p>\n<p>1-A\u00e7\u0131l\u0131\u015f,yoklama ve site genel kurul divan\u0131n\u0131n se\u00e7imi<\/p>\n<p>2-Ba\u015fkanl\u0131k divan\u0131na imza yetkisi verilmesi<\/p>\n<p>3-G\u00fcndemin okunmas\u0131 ,varsa ek g\u00fcndem iste\u011finin eklenmesi ve oylanmas\u0131<\/p>\n<p>4-Y\u00f6netim kurulu faaliyet raporunun okunmas\u0131<\/p>\n<p>5-Denetim kurulu faaliyet raporunun okunmas\u0131<\/p>\n<p>6-Y\u00f6netim kurulunun ibras\u0131<\/p>\n<p>7-Denetim kurulunun ibras\u0131<\/p>\n<p>8- 2023 y\u0131l\u0131 tahmini b\u00fct\u00e7esinin oylanmas\u0131 ve bu b\u00fct\u00e7eye uygun aidat\u0131n onaylanmas\u0131<\/p>\n<p>9-Yeni y\u00f6netim kurulunun se\u00e7imi<\/p>\n<p>10-Yeni denetim kurulunun se\u00e7imi<\/p>\n<p>11-Binalara temel boh\u00e7alama ve su drenaj sistemi yap\u0131lamas\u0131n\u0131n konu\u015fulmas\u0131,<\/p>\n<p>12-G\u00fcne\u015f Enerji Sisteminden elektrik \u00fcretilmesinin konu\u015fulmas\u0131,<\/p>\n<p>13-Site y\u00f6netim plan\u0131na ayk\u0131r\u0131 davran\u0131\u015flar\u0131n tespiti ve konu\u015fulmas\u0131<\/p>\n<p>14-Dilek ve Temenniler. Kapan\u0131\u015f.<\/p>\n","protected":false},"excerpt":{"rendered":"<p>G\u00dcNER \u00dcNVER B\u0130Z\u0130M BAH\u00c7E S\u0130TES\u0130 1.ETAP KAT MAL\u0130KLER\u0130NE Site genel kurulu a\u015fa\u011f\u0131daki g\u00fcndem maddelerini g\u00f6r\u00fc\u015f\u00fcp,karara ba\u011flamak \u00fczere 08\/01\/2023 tarihinde (PAZAR) saat 13:00\u2019de sitemiz sosyal tesisinde ola\u011fan genel kurul olarak toplanacakt\u0131r. Bu toplant\u0131da yeter say\u0131 sa\u011flanamad\u0131\u011f\u0131 taktirde ,ikinci toplant\u0131 nisap(\u00e7o\u011funluk) aranmaks\u0131z\u0131n 15\/01\/2023 tarihinde (PAZAR) saat 13:00\u2019de ayn\u0131 yerde yap\u0131lacakt\u0131r. B\u00fct\u00fcn kat maliklerinin toplant\u0131ya kat\u0131lmalar\u0131 veya kendilerini [&hellip;]<\/p>\n","protected":false},"author":1,"featured_media":0,"parent":0,"menu_order":0,"comment_status":"open","ping_status":"closed","template":"","meta":{"footnotes":""},"class_list":["post-308","page","type-page","status-publish","hentry"],"yoast_head":"<!-- This site is optimized with the Yoast SEO plugin v27.4 - https:\/\/yoast.com\/product\/yoast-seo-wordpress\/ -->\n<title>Duyurular - Bizim Bah\u00e7e Sitesi<\/title>\n<meta name=\"robots\" content=\"index, follow, max-snippet:-1, max-image-preview:large, max-video-preview:-1\" \/>\n<link rel=\"canonical\" href=\"https:\/\/www.bizimbahcesitesi.com\/?page_id=308\" \/>\n<meta property=\"og:locale\" content=\"tr_TR\" \/>\n<meta property=\"og:type\" content=\"article\" \/>\n<meta property=\"og:title\" content=\"Duyurular - Bizim Bah\u00e7e Sitesi\" \/>\n<meta property=\"og:description\" content=\"G\u00dcNER \u00dcNVER B\u0130Z\u0130M BAH\u00c7E S\u0130TES\u0130 1.ETAP KAT MAL\u0130KLER\u0130NE Site genel kurulu a\u015fa\u011f\u0131daki g\u00fcndem maddelerini g\u00f6r\u00fc\u015f\u00fcp,karara ba\u011flamak \u00fczere 08\/01\/2023 tarihinde (PAZAR) saat 13:00\u2019de sitemiz sosyal tesisinde ola\u011fan genel kurul olarak toplanacakt\u0131r. Bu toplant\u0131da yeter say\u0131 sa\u011flanamad\u0131\u011f\u0131 taktirde ,ikinci toplant\u0131 nisap(\u00e7o\u011funluk) aranmaks\u0131z\u0131n 15\/01\/2023 tarihinde (PAZAR) saat 13:00\u2019de ayn\u0131 yerde yap\u0131lacakt\u0131r. B\u00fct\u00fcn kat maliklerinin toplant\u0131ya kat\u0131lmalar\u0131 veya kendilerini [&hellip;]\" \/>\n<meta property=\"og:url\" content=\"https:\/\/www.bizimbahcesitesi.com\/?page_id=308\" \/>\n<meta property=\"og:site_name\" content=\"Bizim Bah\u00e7e Sitesi\" \/>\n<meta property=\"article:modified_time\" content=\"2022-12-10T12:11:21+00:00\" \/>\n<meta name=\"twitter:card\" content=\"summary_large_image\" \/>\n<meta name=\"twitter:label1\" content=\"Tahmini okuma s\u00fcresi\" \/>\n\t<meta name=\"twitter:data1\" content=\"1 dakika\" \/>\n<script type=\"application\/ld+json\" class=\"yoast-schema-graph\">{\"@context\":\"https:\\\/\\\/schema.org\",\"@graph\":[{\"@type\":\"WebPage\",\"@id\":\"https:\\\/\\\/www.bizimbahcesitesi.com\\\/?page_id=308\",\"url\":\"https:\\\/\\\/www.bizimbahcesitesi.com\\\/?page_id=308\",\"name\":\"Duyurular - Bizim Bah\u00e7e Sitesi\",\"isPartOf\":{\"@id\":\"https:\\\/\\\/www.bizimbahcesitesi.com\\\/#website\"},\"datePublished\":\"2015-08-07T15:48:39+00:00\",\"dateModified\":\"2022-12-10T12:11:21+00:00\",\"breadcrumb\":{\"@id\":\"https:\\\/\\\/www.bizimbahcesitesi.com\\\/?page_id=308#breadcrumb\"},\"inLanguage\":\"tr\",\"potentialAction\":[{\"@type\":\"ReadAction\",\"target\":[\"https:\\\/\\\/www.bizimbahcesitesi.com\\\/?page_id=308\"]}]},{\"@type\":\"BreadcrumbList\",\"@id\":\"https:\\\/\\\/www.bizimbahcesitesi.com\\\/?page_id=308#breadcrumb\",\"itemListElement\":[{\"@type\":\"ListItem\",\"position\":1,\"name\":\"Anasayfa\",\"item\":\"https:\\\/\\\/www.bizimbahcesitesi.com\\\/\"},{\"@type\":\"ListItem\",\"position\":2,\"name\":\"Duyurular\"}]},{\"@type\":\"WebSite\",\"@id\":\"https:\\\/\\\/www.bizimbahcesitesi.com\\\/#website\",\"url\":\"https:\\\/\\\/www.bizimbahcesitesi.com\\\/\",\"name\":\"Bizim Bah\u00e7e Sitesi\",\"description\":\"Sakarya Serdivan G\u00fcner \u00dcnver Bizim Bah\u00e7e Sitesi 05336721488\",\"publisher\":{\"@id\":\"https:\\\/\\\/www.bizimbahcesitesi.com\\\/#organization\"},\"potentialAction\":[{\"@type\":\"SearchAction\",\"target\":{\"@type\":\"EntryPoint\",\"urlTemplate\":\"https:\\\/\\\/www.bizimbahcesitesi.com\\\/?s={search_term_string}\"},\"query-input\":{\"@type\":\"PropertyValueSpecification\",\"valueRequired\":true,\"valueName\":\"search_term_string\"}}],\"inLanguage\":\"tr\"},{\"@type\":\"Organization\",\"@id\":\"https:\\\/\\\/www.bizimbahcesitesi.com\\\/#organization\",\"name\":\"Bizim Bah\u00e7e Sitesi\",\"url\":\"https:\\\/\\\/www.bizimbahcesitesi.com\\\/\",\"logo\":{\"@type\":\"ImageObject\",\"inLanguage\":\"tr\",\"@id\":\"https:\\\/\\\/www.bizimbahcesitesi.com\\\/#\\\/schema\\\/logo\\\/image\\\/\",\"url\":\"https:\\\/\\\/www.bizimbahcesitesi.com\\\/wp-content\\\/uploads\\\/2017\\\/04\\\/cropped-cropped-logo-1.png\",\"contentUrl\":\"https:\\\/\\\/www.bizimbahcesitesi.com\\\/wp-content\\\/uploads\\\/2017\\\/04\\\/cropped-cropped-logo-1.png\",\"width\":512,\"height\":512,\"caption\":\"Bizim Bah\u00e7e Sitesi\"},\"image\":{\"@id\":\"https:\\\/\\\/www.bizimbahcesitesi.com\\\/#\\\/schema\\\/logo\\\/image\\\/\"}}]}<\/script>\n<!-- \/ Yoast SEO plugin. -->","yoast_head_json":{"title":"Duyurular - Bizim Bah\u00e7e Sitesi","robots":{"index":"index","follow":"follow","max-snippet":"max-snippet:-1","max-image-preview":"max-image-preview:large","max-video-preview":"max-video-preview:-1"},"canonical":"https:\/\/www.bizimbahcesitesi.com\/?page_id=308","og_locale":"tr_TR","og_type":"article","og_title":"Duyurular - Bizim Bah\u00e7e Sitesi","og_description":"G\u00dcNER \u00dcNVER B\u0130Z\u0130M BAH\u00c7E S\u0130TES\u0130 1.ETAP KAT MAL\u0130KLER\u0130NE Site genel kurulu a\u015fa\u011f\u0131daki g\u00fcndem maddelerini g\u00f6r\u00fc\u015f\u00fcp,karara ba\u011flamak \u00fczere 08\/01\/2023 tarihinde (PAZAR) saat 13:00\u2019de sitemiz sosyal tesisinde ola\u011fan genel kurul olarak toplanacakt\u0131r. Bu toplant\u0131da yeter say\u0131 sa\u011flanamad\u0131\u011f\u0131 taktirde ,ikinci toplant\u0131 nisap(\u00e7o\u011funluk) aranmaks\u0131z\u0131n 15\/01\/2023 tarihinde (PAZAR) saat 13:00\u2019de ayn\u0131 yerde yap\u0131lacakt\u0131r. B\u00fct\u00fcn kat maliklerinin toplant\u0131ya kat\u0131lmalar\u0131 veya kendilerini [&hellip;]","og_url":"https:\/\/www.bizimbahcesitesi.com\/?page_id=308","og_site_name":"Bizim Bah\u00e7e Sitesi","article_modified_time":"2022-12-10T12:11:21+00:00","twitter_card":"summary_large_image","twitter_misc":{"Tahmini okuma s\u00fcresi":"1 dakika"},"schema":{"@context":"https:\/\/schema.org","@graph":[{"@type":"WebPage","@id":"https:\/\/www.bizimbahcesitesi.com\/?page_id=308","url":"https:\/\/www.bizimbahcesitesi.com\/?page_id=308","name":"Duyurular - Bizim Bah\u00e7e Sitesi","isPartOf":{"@id":"https:\/\/www.bizimbahcesitesi.com\/#website"},"datePublished":"2015-08-07T15:48:39+00:00","dateModified":"2022-12-10T12:11:21+00:00","breadcrumb":{"@id":"https:\/\/www.bizimbahcesitesi.com\/?page_id=308#breadcrumb"},"inLanguage":"tr","potentialAction":[{"@type":"ReadAction","target":["https:\/\/www.bizimbahcesitesi.com\/?page_id=308"]}]},{"@type":"BreadcrumbList","@id":"https:\/\/www.bizimbahcesitesi.com\/?page_id=308#breadcrumb","itemListElement":[{"@type":"ListItem","position":1,"name":"Anasayfa","item":"https:\/\/www.bizimbahcesitesi.com\/"},{"@type":"ListItem","position":2,"name":"Duyurular"}]},{"@type":"WebSite","@id":"https:\/\/www.bizimbahcesitesi.com\/#website","url":"https:\/\/www.bizimbahcesitesi.com\/","name":"Bizim Bah\u00e7e Sitesi","description":"Sakarya Serdivan G\u00fcner \u00dcnver Bizim Bah\u00e7e Sitesi 05336721488","publisher":{"@id":"https:\/\/www.bizimbahcesitesi.com\/#organization"},"potentialAction":[{"@type":"SearchAction","target":{"@type":"EntryPoint","urlTemplate":"https:\/\/www.bizimbahcesitesi.com\/?s={search_term_string}"},"query-input":{"@type":"PropertyValueSpecification","valueRequired":true,"valueName":"search_term_string"}}],"inLanguage":"tr"},{"@type":"Organization","@id":"https:\/\/www.bizimbahcesitesi.com\/#organization","name":"Bizim Bah\u00e7e Sitesi","url":"https:\/\/www.bizimbahcesitesi.com\/","logo":{"@type":"ImageObject","inLanguage":"tr","@id":"https:\/\/www.bizimbahcesitesi.com\/#\/schema\/logo\/image\/","url":"https:\/\/www.bizimbahcesitesi.com\/wp-content\/uploads\/2017\/04\/cropped-cropped-logo-1.png","contentUrl":"https:\/\/www.bizimbahcesitesi.com\/wp-content\/uploads\/2017\/04\/cropped-cropped-logo-1.png","width":512,"height":512,"caption":"Bizim Bah\u00e7e Sitesi"},"image":{"@id":"https:\/\/www.bizimbahcesitesi.com\/#\/schema\/logo\/image\/"}}]}},"_links":{"self":[{"href":"https:\/\/www.bizimbahcesitesi.com\/index.php?rest_route=\/wp\/v2\/pages\/308","targetHints":{"allow":["GET"]}}],"collection":[{"href":"https:\/\/www.bizimbahcesitesi.com\/index.php?rest_route=\/wp\/v2\/pages"}],"about":[{"href":"https:\/\/www.bizimbahcesitesi.com\/index.php?rest_route=\/wp\/v2\/types\/page"}],"author":[{"embeddable":true,"href":"https:\/\/www.bizimbahcesitesi.com\/index.php?rest_route=\/wp\/v2\/users\/1"}],"replies":[{"embeddable":true,"href":"https:\/\/www.bizimbahcesitesi.com\/index.php?rest_route=%2Fwp%2Fv2%2Fcomments&post=308"}],"version-history":[{"count":2,"href":"https:\/\/www.bizimbahcesitesi.com\/index.php?rest_route=\/wp\/v2\/pages\/308\/revisions"}],"predecessor-version":[{"id":2944,"href":"https:\/\/www.bizimbahcesitesi.com\/index.php?rest_route=\/wp\/v2\/pages\/308\/revisions\/2944"}],"wp:attachment":[{"href":"https:\/\/www.bizimbahcesitesi.com\/index.php?rest_route=%2Fwp%2Fv2%2Fmedia&parent=308"}],"curies":[{"name":"wp","href":"https:\/\/api.w.org\/{rel}","templated":true}]}}