{"id":155,"date":"2016-07-13T15:44:00","date_gmt":"2016-07-13T15:44:00","guid":{"rendered":"http:\/\/www.bizimbahcesitesi.com\/?page_id=155"},"modified":"2021-07-05T19:39:26","modified_gmt":"2021-07-05T16:39:26","slug":"galeri","status":"publish","type":"page","link":"https:\/\/www.bizimbahcesitesi.com\/?page_id=155","title":{"rendered":"Galeri"},"content":{"rendered":"<p><a href=\"https:\/\/www.bizimbahcesitesi.com\/wp-content\/uploads\/2021\/07\/WhatsApp-Image-2021-07-02-at-12.38.17.jpeg\"><img fetchpriority=\"high\" decoding=\"async\" class=\"aligncenter size-full wp-image-2440\" src=\"https:\/\/www.bizimbahcesitesi.com\/wp-content\/uploads\/2021\/07\/WhatsApp-Image-2021-07-02-at-12.38.17.jpeg\" alt=\"\" width=\"1440\" height=\"648\" srcset=\"https:\/\/www.bizimbahcesitesi.com\/wp-content\/uploads\/2021\/07\/WhatsApp-Image-2021-07-02-at-12.38.17.jpeg 1440w, https:\/\/www.bizimbahcesitesi.com\/wp-content\/uploads\/2021\/07\/WhatsApp-Image-2021-07-02-at-12.38.17-300x135.jpeg 300w, https:\/\/www.bizimbahcesitesi.com\/wp-content\/uploads\/2021\/07\/WhatsApp-Image-2021-07-02-at-12.38.17-1024x461.jpeg 1024w, https:\/\/www.bizimbahcesitesi.com\/wp-content\/uploads\/2021\/07\/WhatsApp-Image-2021-07-02-at-12.38.17-768x346.jpeg 768w, https:\/\/www.bizimbahcesitesi.com\/wp-content\/uploads\/2021\/07\/WhatsApp-Image-2021-07-02-at-12.38.17-280x126.jpeg 280w, https:\/\/www.bizimbahcesitesi.com\/wp-content\/uploads\/2021\/07\/WhatsApp-Image-2021-07-02-at-12.38.17-1170x527.jpeg 1170w\" sizes=\"(max-width: 1440px) 100vw, 1440px\" \/><\/a><a href=\"https:\/\/www.bizimbahcesitesi.com\/wp-content\/uploads\/2021\/07\/WhatsApp-Image-2021-07-02-at-12.38.16.jpeg\"><img decoding=\"async\" class=\"aligncenter size-full wp-image-2438\" src=\"https:\/\/www.bizimbahcesitesi.com\/wp-content\/uploads\/2021\/07\/WhatsApp-Image-2021-07-02-at-12.38.16.jpeg\" alt=\"\" width=\"1440\" height=\"648\" srcset=\"https:\/\/www.bizimbahcesitesi.com\/wp-content\/uploads\/2021\/07\/WhatsApp-Image-2021-07-02-at-12.38.16.jpeg 1440w, https:\/\/www.bizimbahcesitesi.com\/wp-content\/uploads\/2021\/07\/WhatsApp-Image-2021-07-02-at-12.38.16-300x135.jpeg 300w, https:\/\/www.bizimbahcesitesi.com\/wp-content\/uploads\/2021\/07\/WhatsApp-Image-2021-07-02-at-12.38.16-1024x461.jpeg 1024w, https:\/\/www.bizimbahcesitesi.com\/wp-content\/uploads\/2021\/07\/WhatsApp-Image-2021-07-02-at-12.38.16-768x346.jpeg 768w, https:\/\/www.bizimbahcesitesi.com\/wp-content\/uploads\/2021\/07\/WhatsApp-Image-2021-07-02-at-12.38.16-280x126.jpeg 280w, https:\/\/www.bizimbahcesitesi.com\/wp-content\/uploads\/2021\/07\/WhatsApp-Image-2021-07-02-at-12.38.16-1170x527.jpeg 1170w\" sizes=\"(max-width: 1440px) 100vw, 1440px\" \/><\/a><a href=\"https:\/\/www.bizimbahcesitesi.com\/wp-content\/uploads\/2021\/07\/WhatsApp-Image-2021-07-02-at-12.38.17-1.jpeg\"><img decoding=\"async\" class=\"aligncenter size-full wp-image-2439\" src=\"https:\/\/www.bizimbahcesitesi.com\/wp-content\/uploads\/2021\/07\/WhatsApp-Image-2021-07-02-at-12.38.17-1.jpeg\" alt=\"\" width=\"1440\" height=\"648\" srcset=\"https:\/\/www.bizimbahcesitesi.com\/wp-content\/uploads\/2021\/07\/WhatsApp-Image-2021-07-02-at-12.38.17-1.jpeg 1440w, https:\/\/www.bizimbahcesitesi.com\/wp-content\/uploads\/2021\/07\/WhatsApp-Image-2021-07-02-at-12.38.17-1-300x135.jpeg 300w, https:\/\/www.bizimbahcesitesi.com\/wp-content\/uploads\/2021\/07\/WhatsApp-Image-2021-07-02-at-12.38.17-1-1024x461.jpeg 1024w, https:\/\/www.bizimbahcesitesi.com\/wp-content\/uploads\/2021\/07\/WhatsApp-Image-2021-07-02-at-12.38.17-1-768x346.jpeg 768w, https:\/\/www.bizimbahcesitesi.com\/wp-content\/uploads\/2021\/07\/WhatsApp-Image-2021-07-02-at-12.38.17-1-280x126.jpeg 280w, https:\/\/www.bizimbahcesitesi.com\/wp-content\/uploads\/2021\/07\/WhatsApp-Image-2021-07-02-at-12.38.17-1-1170x527.jpeg 1170w\" sizes=\"(max-width: 1440px) 100vw, 1440px\" \/><\/a><\/p>\n","protected":false},"excerpt":{"rendered":"","protected":false},"author":1,"featured_media":0,"parent":0,"menu_order":0,"comment_status":"closed","ping_status":"closed","template":"","meta":{"footnotes":""},"class_list":["post-155","page","type-page","status-publish","hentry"],"yoast_head":"<!-- This site is optimized with the Yoast SEO plugin v27.4 - https:\/\/yoast.com\/product\/yoast-seo-wordpress\/ -->\n<title>Galeri - Bizim Bah\u00e7e Sitesi<\/title>\n<meta name=\"robots\" content=\"index, follow, max-snippet:-1, max-image-preview:large, max-video-preview:-1\" \/>\n<link rel=\"canonical\" href=\"https:\/\/www.bizimbahcesitesi.com\/?page_id=155\" \/>\n<meta property=\"og:locale\" content=\"tr_TR\" \/>\n<meta property=\"og:type\" content=\"article\" \/>\n<meta property=\"og:title\" content=\"Galeri - Bizim Bah\u00e7e Sitesi\" \/>\n<meta property=\"og:url\" content=\"https:\/\/www.bizimbahcesitesi.com\/?page_id=155\" \/>\n<meta property=\"og:site_name\" content=\"Bizim Bah\u00e7e Sitesi\" \/>\n<meta property=\"article:modified_time\" content=\"2021-07-05T16:39:26+00:00\" \/>\n<meta property=\"og:image\" content=\"https:\/\/www.bizimbahcesitesi.com\/wp-content\/uploads\/2021\/07\/WhatsApp-Image-2021-07-02-at-12.38.17.jpeg\" \/>\n<meta name=\"twitter:card\" content=\"summary_large_image\" \/>\n<meta name=\"twitter:label1\" content=\"Tahmini okuma s\u00fcresi\" \/>\n\t<meta name=\"twitter:data1\" content=\"1 dakika\" \/>\n<script type=\"application\/ld+json\" class=\"yoast-schema-graph\">{\"@context\":\"https:\\\/\\\/schema.org\",\"@graph\":[{\"@type\":\"WebPage\",\"@id\":\"https:\\\/\\\/www.bizimbahcesitesi.com\\\/?page_id=155\",\"url\":\"https:\\\/\\\/www.bizimbahcesitesi.com\\\/?page_id=155\",\"name\":\"Galeri - Bizim Bah\u00e7e Sitesi\",\"isPartOf\":{\"@id\":\"https:\\\/\\\/www.bizimbahcesitesi.com\\\/#website\"},\"primaryImageOfPage\":{\"@id\":\"https:\\\/\\\/www.bizimbahcesitesi.com\\\/?page_id=155#primaryimage\"},\"image\":{\"@id\":\"https:\\\/\\\/www.bizimbahcesitesi.com\\\/?page_id=155#primaryimage\"},\"thumbnailUrl\":\"https:\\\/\\\/www.bizimbahcesitesi.com\\\/wp-content\\\/uploads\\\/2021\\\/07\\\/WhatsApp-Image-2021-07-02-at-12.38.17.jpeg\",\"datePublished\":\"2016-07-13T15:44:00+00:00\",\"dateModified\":\"2021-07-05T16:39:26+00:00\",\"breadcrumb\":{\"@id\":\"https:\\\/\\\/www.bizimbahcesitesi.com\\\/?page_id=155#breadcrumb\"},\"inLanguage\":\"tr\",\"potentialAction\":[{\"@type\":\"ReadAction\",\"target\":[\"https:\\\/\\\/www.bizimbahcesitesi.com\\\/?page_id=155\"]}]},{\"@type\":\"ImageObject\",\"inLanguage\":\"tr\",\"@id\":\"https:\\\/\\\/www.bizimbahcesitesi.com\\\/?page_id=155#primaryimage\",\"url\":\"https:\\\/\\\/www.bizimbahcesitesi.com\\\/wp-content\\\/uploads\\\/2021\\\/07\\\/WhatsApp-Image-2021-07-02-at-12.38.17.jpeg\",\"contentUrl\":\"https:\\\/\\\/www.bizimbahcesitesi.com\\\/wp-content\\\/uploads\\\/2021\\\/07\\\/WhatsApp-Image-2021-07-02-at-12.38.17.jpeg\",\"width\":1440,\"height\":648},{\"@type\":\"BreadcrumbList\",\"@id\":\"https:\\\/\\\/www.bizimbahcesitesi.com\\\/?page_id=155#breadcrumb\",\"itemListElement\":[{\"@type\":\"ListItem\",\"position\":1,\"name\":\"Anasayfa\",\"item\":\"https:\\\/\\\/www.bizimbahcesitesi.com\\\/\"},{\"@type\":\"ListItem\",\"position\":2,\"name\":\"Galeri\"}]},{\"@type\":\"WebSite\",\"@id\":\"https:\\\/\\\/www.bizimbahcesitesi.com\\\/#website\",\"url\":\"https:\\\/\\\/www.bizimbahcesitesi.com\\\/\",\"name\":\"Bizim Bah\u00e7e Sitesi\",\"description\":\"Sakarya Serdivan G\u00fcner \u00dcnver Bizim Bah\u00e7e Sitesi 05336721488\",\"publisher\":{\"@id\":\"https:\\\/\\\/www.bizimbahcesitesi.com\\\/#organization\"},\"potentialAction\":[{\"@type\":\"SearchAction\",\"target\":{\"@type\":\"EntryPoint\",\"urlTemplate\":\"https:\\\/\\\/www.bizimbahcesitesi.com\\\/?s={search_term_string}\"},\"query-input\":{\"@type\":\"PropertyValueSpecification\",\"valueRequired\":true,\"valueName\":\"search_term_string\"}}],\"inLanguage\":\"tr\"},{\"@type\":\"Organization\",\"@id\":\"https:\\\/\\\/www.bizimbahcesitesi.com\\\/#organization\",\"name\":\"Bizim Bah\u00e7e Sitesi\",\"url\":\"https:\\\/\\\/www.bizimbahcesitesi.com\\\/\",\"logo\":{\"@type\":\"ImageObject\",\"inLanguage\":\"tr\",\"@id\":\"https:\\\/\\\/www.bizimbahcesitesi.com\\\/#\\\/schema\\\/logo\\\/image\\\/\",\"url\":\"https:\\\/\\\/www.bizimbahcesitesi.com\\\/wp-content\\\/uploads\\\/2017\\\/04\\\/cropped-cropped-logo-1.png\",\"contentUrl\":\"https:\\\/\\\/www.bizimbahcesitesi.com\\\/wp-content\\\/uploads\\\/2017\\\/04\\\/cropped-cropped-logo-1.png\",\"width\":512,\"height\":512,\"caption\":\"Bizim Bah\u00e7e Sitesi\"},\"image\":{\"@id\":\"https:\\\/\\\/www.bizimbahcesitesi.com\\\/#\\\/schema\\\/logo\\\/image\\\/\"}}]}<\/script>\n<!-- \/ Yoast SEO plugin. -->","yoast_head_json":{"title":"Galeri - Bizim Bah\u00e7e Sitesi","robots":{"index":"index","follow":"follow","max-snippet":"max-snippet:-1","max-image-preview":"max-image-preview:large","max-video-preview":"max-video-preview:-1"},"canonical":"https:\/\/www.bizimbahcesitesi.com\/?page_id=155","og_locale":"tr_TR","og_type":"article","og_title":"Galeri - Bizim Bah\u00e7e Sitesi","og_url":"https:\/\/www.bizimbahcesitesi.com\/?page_id=155","og_site_name":"Bizim Bah\u00e7e Sitesi","article_modified_time":"2021-07-05T16:39:26+00:00","og_image":[{"url":"https:\/\/www.bizimbahcesitesi.com\/wp-content\/uploads\/2021\/07\/WhatsApp-Image-2021-07-02-at-12.38.17.jpeg","type":"","width":"","height":""}],"twitter_card":"summary_large_image","twitter_misc":{"Tahmini okuma s\u00fcresi":"1 dakika"},"schema":{"@context":"https:\/\/schema.org","@graph":[{"@type":"WebPage","@id":"https:\/\/www.bizimbahcesitesi.com\/?page_id=155","url":"https:\/\/www.bizimbahcesitesi.com\/?page_id=155","name":"Galeri - Bizim Bah\u00e7e Sitesi","isPartOf":{"@id":"https:\/\/www.bizimbahcesitesi.com\/#website"},"primaryImageOfPage":{"@id":"https:\/\/www.bizimbahcesitesi.com\/?page_id=155#primaryimage"},"image":{"@id":"https:\/\/www.bizimbahcesitesi.com\/?page_id=155#primaryimage"},"thumbnailUrl":"https:\/\/www.bizimbahcesitesi.com\/wp-content\/uploads\/2021\/07\/WhatsApp-Image-2021-07-02-at-12.38.17.jpeg","datePublished":"2016-07-13T15:44:00+00:00","dateModified":"2021-07-05T16:39:26+00:00","breadcrumb":{"@id":"https:\/\/www.bizimbahcesitesi.com\/?page_id=155#breadcrumb"},"inLanguage":"tr","potentialAction":[{"@type":"ReadAction","target":["https:\/\/www.bizimbahcesitesi.com\/?page_id=155"]}]},{"@type":"ImageObject","inLanguage":"tr","@id":"https:\/\/www.bizimbahcesitesi.com\/?page_id=155#primaryimage","url":"https:\/\/www.bizimbahcesitesi.com\/wp-content\/uploads\/2021\/07\/WhatsApp-Image-2021-07-02-at-12.38.17.jpeg","contentUrl":"https:\/\/www.bizimbahcesitesi.com\/wp-content\/uploads\/2021\/07\/WhatsApp-Image-2021-07-02-at-12.38.17.jpeg","width":1440,"height":648},{"@type":"BreadcrumbList","@id":"https:\/\/www.bizimbahcesitesi.com\/?page_id=155#breadcrumb","itemListElement":[{"@type":"ListItem","position":1,"name":"Anasayfa","item":"https:\/\/www.bizimbahcesitesi.com\/"},{"@type":"ListItem","position":2,"name":"Galeri"}]},{"@type":"WebSite","@id":"https:\/\/www.bizimbahcesitesi.com\/#website","url":"https:\/\/www.bizimbahcesitesi.com\/","name":"Bizim Bah\u00e7e Sitesi","description":"Sakarya Serdivan G\u00fcner \u00dcnver Bizim Bah\u00e7e Sitesi 05336721488","publisher":{"@id":"https:\/\/www.bizimbahcesitesi.com\/#organization"},"potentialAction":[{"@type":"SearchAction","target":{"@type":"EntryPoint","urlTemplate":"https:\/\/www.bizimbahcesitesi.com\/?s={search_term_string}"},"query-input":{"@type":"PropertyValueSpecification","valueRequired":true,"valueName":"search_term_string"}}],"inLanguage":"tr"},{"@type":"Organization","@id":"https:\/\/www.bizimbahcesitesi.com\/#organization","name":"Bizim Bah\u00e7e Sitesi","url":"https:\/\/www.bizimbahcesitesi.com\/","logo":{"@type":"ImageObject","inLanguage":"tr","@id":"https:\/\/www.bizimbahcesitesi.com\/#\/schema\/logo\/image\/","url":"https:\/\/www.bizimbahcesitesi.com\/wp-content\/uploads\/2017\/04\/cropped-cropped-logo-1.png","contentUrl":"https:\/\/www.bizimbahcesitesi.com\/wp-content\/uploads\/2017\/04\/cropped-cropped-logo-1.png","width":512,"height":512,"caption":"Bizim Bah\u00e7e Sitesi"},"image":{"@id":"https:\/\/www.bizimbahcesitesi.com\/#\/schema\/logo\/image\/"}}]}},"_links":{"self":[{"href":"https:\/\/www.bizimbahcesitesi.com\/index.php?rest_route=\/wp\/v2\/pages\/155","targetHints":{"allow":["GET"]}}],"collection":[{"href":"https:\/\/www.bizimbahcesitesi.com\/index.php?rest_route=\/wp\/v2\/pages"}],"about":[{"href":"https:\/\/www.bizimbahcesitesi.com\/index.php?rest_route=\/wp\/v2\/types\/page"}],"author":[{"embeddable":true,"href":"https:\/\/www.bizimbahcesitesi.com\/index.php?rest_route=\/wp\/v2\/users\/1"}],"replies":[{"embeddable":true,"href":"https:\/\/www.bizimbahcesitesi.com\/index.php?rest_route=%2Fwp%2Fv2%2Fcomments&post=155"}],"version-history":[{"count":5,"href":"https:\/\/www.bizimbahcesitesi.com\/index.php?rest_route=\/wp\/v2\/pages\/155\/revisions"}],"predecessor-version":[{"id":2508,"href":"https:\/\/www.bizimbahcesitesi.com\/index.php?rest_route=\/wp\/v2\/pages\/155\/revisions\/2508"}],"wp:attachment":[{"href":"https:\/\/www.bizimbahcesitesi.com\/index.php?rest_route=%2Fwp%2Fv2%2Fmedia&parent=155"}],"curies":[{"name":"wp","href":"https:\/\/api.w.org\/{rel}","templated":true}]}}